{"id":18967,"date":"2025-08-30T10:03:28","date_gmt":"2025-08-30T10:03:28","guid":{"rendered":"https:\/\/buharaofficial.com\/?page_id=18967"},"modified":"2025-09-11T12:30:27","modified_gmt":"2025-09-11T12:30:27","slug":"%d8%a7%d8%aa%d8%b5%d9%84-%d8%a8%d9%86%d8%a7","status":"publish","type":"page","link":"https:\/\/buharaofficial.com\/ar\/%d8%a7%d8%aa%d8%b5%d9%84-%d8%a8%d9%86%d8%a7\/","title":{"rendered":"\u0627\u062a\u0635\u0644 \u0628\u0646\u0627"},"content":{"rendered":"\t\t<div data-elementor-type=\"wp-page\" data-elementor-id=\"18967\" class=\"elementor elementor-18967\" data-elementor-post-type=\"page\">\n\t\t\t\t\t\t<section class=\"elementor-section elementor-top-section elementor-element elementor-element-15810476 elementor-section-content-middle elementor-section-boxed elementor-section-height-default elementor-section-height-default rt-parallax-bg-no\" data-id=\"15810476\" data-element_type=\"section\" data-e-type=\"section\">\n\t\t\t\t\t\t<div class=\"elementor-container elementor-column-gap-default\">\n\t\t\t\t\t<div class=\"elementor-column elementor-col-50 elementor-top-column elementor-element elementor-element-37d009f5\" data-id=\"37d009f5\" data-element_type=\"column\" data-e-type=\"column\">\n\t\t\t<div class=\"elementor-widget-wrap elementor-element-populated\">\n\t\t\t\t\t\t<section class=\"elementor-section elementor-inner-section elementor-element elementor-element-60165a37 elementor-section-boxed elementor-section-height-default elementor-section-height-default rt-parallax-bg-no\" data-id=\"60165a37\" data-element_type=\"section\" data-e-type=\"section\">\n\t\t\t\t\t\t<div class=\"elementor-container elementor-column-gap-default\">\n\t\t\t\t\t<div class=\"elementor-column elementor-col-100 elementor-inner-column elementor-element elementor-element-5e4c74bd\" data-id=\"5e4c74bd\" data-element_type=\"column\" data-e-type=\"column\">\n\t\t\t<div class=\"elementor-widget-wrap elementor-element-populated\">\n\t\t\t\t\t\t<div class=\"elementor-element elementor-element-382fb29d elementor-widget elementor-widget-rt-title\" data-id=\"382fb29d\" data-element_type=\"widget\" data-e-type=\"widget\" data-widget_type=\"rt-title.default\">\n\t\t\t\t<div class=\"elementor-widget-container\">\n\t\t\t\t\t<div class=\"section-title-wrapper\">\r\n\r\n    <!--Background Title-->\r\n    \r\n    <div class=\"title-inner-wrapper\">\r\n\r\n        <!--Top Sub Title-->\r\n        \r\n        <!--Main Title-->\r\n                    <h2 class=\"main-title\">\u062a\u0648\u0627\u0635\u0644 \u0645\u0639\u0646\u0627<\/h2>\r\n        \r\n        <!--Description-->\r\n            <\/div>\r\n<\/div>\t\t\t\t<\/div>\n\t\t\t\t<\/div>\n\t\t\t\t\t<\/div>\n\t\t<\/div>\n\t\t\t\t\t<\/div>\n\t\t<\/section>\n\t\t\t\t<section class=\"elementor-section elementor-inner-section elementor-element elementor-element-73648a9f elementor-section-boxed elementor-section-height-default elementor-section-height-default rt-parallax-bg-no\" data-id=\"73648a9f\" data-element_type=\"section\" data-e-type=\"section\">\n\t\t\t\t\t\t<div class=\"elementor-container elementor-column-gap-default\">\n\t\t\t\t\t<div class=\"elementor-column elementor-col-100 elementor-inner-column elementor-element elementor-element-6d1f02e0\" data-id=\"6d1f02e0\" data-element_type=\"column\" data-e-type=\"column\">\n\t\t\t<div class=\"elementor-widget-wrap elementor-element-populated\">\n\t\t\t\t\t\t<div class=\"elementor-element elementor-element-4618c3a4 elementor-widget elementor-widget-rt-info-box\" data-id=\"4618c3a4\" data-element_type=\"widget\" data-e-type=\"widget\" data-widget_type=\"rt-info-box.default\">\n\t\t\t\t<div class=\"elementor-widget-container\">\n\t\t\t\t\t\r\n<div class=\"service3-box-right rt-info-box-wrap-1 rt-info-box icon-el-style-1\">\r\n\t<div class=\"service-box\">\r\n\t\t<div class=\"service3-icon-holder icon-holder   \">\r\n\t\t\t\t<i aria-hidden=\"true\" class=\"fas fa-map-marker-alt\"><\/i>\t\t<\/div>\r\n\r\n\t\t<div class=\"service3-content-holder content-holder content-align\">\r\n\t\t\t\t\t\t\t<h3 class=\"info-title\">\r\n\t\t\t\t\t\u0627\u0644\u0639\u0646\u0648\u0627\u0646\t\t\t\t<\/h3>\r\n\t\t\t\r\n\t\t\t\t\t\t\t<p>Ka\u015f\u00fcst\u00fc Mahallesi, Karayemi\u015f Sokak, No. 16A, Buhara Apart. Yomra, Trabzon<\/p>\r\n\t\t\t\r\n\t\t\t\t\t<\/div>\r\n    <\/div>\r\n<\/div>\t\t\t\t<\/div>\n\t\t\t\t<\/div>\n\t\t\t\t\t<\/div>\n\t\t<\/div>\n\t\t\t\t\t<\/div>\n\t\t<\/section>\n\t\t\t\t<section class=\"elementor-section elementor-inner-section elementor-element elementor-element-693cc7fe elementor-section-boxed elementor-section-height-default elementor-section-height-default rt-parallax-bg-no\" data-id=\"693cc7fe\" data-element_type=\"section\" data-e-type=\"section\">\n\t\t\t\t\t\t<div class=\"elementor-container elementor-column-gap-default\">\n\t\t\t\t\t<div class=\"elementor-column elementor-col-100 elementor-inner-column elementor-element elementor-element-57f256d5\" data-id=\"57f256d5\" data-element_type=\"column\" data-e-type=\"column\">\n\t\t\t<div class=\"elementor-widget-wrap elementor-element-populated\">\n\t\t\t\t\t\t<div class=\"elementor-element elementor-element-791aa36 elementor-widget elementor-widget-rt-info-box\" data-id=\"791aa36\" data-element_type=\"widget\" data-e-type=\"widget\" data-widget_type=\"rt-info-box.default\">\n\t\t\t\t<div class=\"elementor-widget-container\">\n\t\t\t\t\t\r\n<div class=\"service3-box-right rt-info-box-wrap-1 rt-info-box icon-el-style-1\">\r\n\t<div class=\"service-box\">\r\n\t\t<div class=\"service3-icon-holder icon-holder   \">\r\n\t\t\t\t<a href=\"tel: 25 92 971 531 90+\" target=\"_blank\" rel=\"nofollow\"><i aria-hidden=\"true\" class=\"fas fa-phone-alt\"><\/i><\/a>\t\t<\/div>\r\n\r\n\t\t<div class=\"service3-content-holder content-holder content-align\">\r\n\t\t\t\t\t\t\t<h3 class=\"info-title\">\r\n\t\t\t\t\t<a href=\"tel: 25 92 971 531 90+\" target=\"_blank\" rel=\"nofollow\">\u0627\u0631\u0642\u0627\u0645 \u0627\u0644\u062a\u0648\u0627\u0635\u0644<\/a>\t\t\t\t<\/h3>\r\n\t\t\t\r\n\t\t\t\t\t\t\t<p>\n25 92 971 531 90+<\/p>\r\n\t\t\t\r\n\t\t\t\t\t<\/div>\r\n    <\/div>\r\n<\/div>\t\t\t\t<\/div>\n\t\t\t\t<\/div>\n\t\t\t\t\t<\/div>\n\t\t<\/div>\n\t\t\t\t\t<\/div>\n\t\t<\/section>\n\t\t\t\t<section class=\"elementor-section elementor-inner-section elementor-element elementor-element-57e9d8c6 elementor-section-boxed elementor-section-height-default elementor-section-height-default rt-parallax-bg-no\" data-id=\"57e9d8c6\" data-element_type=\"section\" data-e-type=\"section\">\n\t\t\t\t\t\t<div class=\"elementor-container elementor-column-gap-default\">\n\t\t\t\t\t<div class=\"elementor-column elementor-col-100 elementor-inner-column elementor-element elementor-element-304a6ddc\" data-id=\"304a6ddc\" data-element_type=\"column\" data-e-type=\"column\">\n\t\t\t<div class=\"elementor-widget-wrap elementor-element-populated\">\n\t\t\t\t\t\t<div class=\"elementor-element elementor-element-4a71fa39 elementor-widget elementor-widget-rt-info-box\" data-id=\"4a71fa39\" data-element_type=\"widget\" data-e-type=\"widget\" data-widget_type=\"rt-info-box.default\">\n\t\t\t\t<div class=\"elementor-widget-container\">\n\t\t\t\t\t\r\n<div class=\"service3-box-right rt-info-box-wrap-1 rt-info-box icon-el-style-1\">\r\n\t<div class=\"service-box\">\r\n\t\t<div class=\"service3-icon-holder icon-holder   \">\r\n\t\t\t\t<i aria-hidden=\"true\" class=\"fas fa-share-alt\"><\/i>\t\t<\/div>\r\n\r\n\t\t<div class=\"service3-content-holder content-holder content-align\">\r\n\t\t\t\t\t\t\t<h3 class=\"info-title\">\r\n\t\t\t\t\t\u0648\u0633\u0627\u0626\u0644 \u0627\u0644\u062a\u0648\u0627\u0635\u0644 \t\t\t\t<\/h3>\r\n\t\t\t\r\n\t\t\t\r\n\t\t\t\t\t<\/div>\r\n    <\/div>\r\n<\/div>\t\t\t\t<\/div>\n\t\t\t\t<\/div>\n\t\t\t\t<div class=\"elementor-element elementor-element-3fae82ed elementor-shape-rounded elementor-grid-0 elementor-widget elementor-widget-social-icons\" data-id=\"3fae82ed\" data-element_type=\"widget\" data-e-type=\"widget\" data-widget_type=\"social-icons.default\">\n\t\t\t\t\t\t\t<div class=\"elementor-social-icons-wrapper elementor-grid\" role=\"list\">\n\t\t\t\t\t\t\t<span class=\"elementor-grid-item\" role=\"listitem\">\n\t\t\t\t\t<a class=\"elementor-icon elementor-social-icon elementor-social-icon-facebook-f elementor-repeater-item-024870d\" href=\"https:\/\/www.facebook.com\/elbukhari.realestate\" target=\"_blank\">\n\t\t\t\t\t\t<span class=\"elementor-screen-only\">Facebook-f<\/span>\n\t\t\t\t\t\t<i aria-hidden=\"true\" class=\"fab fa-facebook-f\"><\/i>\t\t\t\t\t<\/a>\n\t\t\t\t<\/span>\n\t\t\t\t\t\t\t<span class=\"elementor-grid-item\" role=\"listitem\">\n\t\t\t\t\t<a class=\"elementor-icon elementor-social-icon elementor-social-icon-instagram elementor-repeater-item-29840e5\" href=\"https:\/\/www.instagram.com\/buhara_emlak\/\" target=\"_blank\">\n\t\t\t\t\t\t<span class=\"elementor-screen-only\">Instagram<\/span>\n\t\t\t\t\t\t<i aria-hidden=\"true\" class=\"fab fa-instagram\"><\/i>\t\t\t\t\t<\/a>\n\t\t\t\t<\/span>\n\t\t\t\t\t\t\t<span class=\"elementor-grid-item\" role=\"listitem\">\n\t\t\t\t\t<a class=\"elementor-icon elementor-social-icon elementor-social-icon-snapchat elementor-repeater-item-45a87e3\" href=\"http:\/\/snapchat.com\/add\/besso.angelsfan\" target=\"_blank\">\n\t\t\t\t\t\t<span class=\"elementor-screen-only\">Snapchat<\/span>\n\t\t\t\t\t\t<i aria-hidden=\"true\" class=\"fab fa-snapchat\"><\/i>\t\t\t\t\t<\/a>\n\t\t\t\t<\/span>\n\t\t\t\t\t\t\t<span class=\"elementor-grid-item\" role=\"listitem\">\n\t\t\t\t\t<a class=\"elementor-icon elementor-social-icon elementor-social-icon-telegram elementor-repeater-item-03b38e9\" href=\"https:\/\/t.me\/elbukhariaqar\" target=\"_blank\">\n\t\t\t\t\t\t<span class=\"elementor-screen-only\">Telegram<\/span>\n\t\t\t\t\t\t<i aria-hidden=\"true\" class=\"fab fa-telegram\"><\/i>\t\t\t\t\t<\/a>\n\t\t\t\t<\/span>\n\t\t\t\t\t<\/div>\n\t\t\t\t\t\t<\/div>\n\t\t\t\t\t<\/div>\n\t\t<\/div>\n\t\t\t\t\t<\/div>\n\t\t<\/section>\n\t\t\t\t\t<\/div>\n\t\t<\/div>\n\t\t\t\t<div class=\"elementor-column elementor-col-50 elementor-top-column elementor-element elementor-element-43024e15\" data-id=\"43024e15\" data-element_type=\"column\" data-e-type=\"column\" data-settings=\"{&quot;background_background&quot;:&quot;classic&quot;}\">\n\t\t\t<div class=\"elementor-widget-wrap elementor-element-populated\">\n\t\t\t\t\t\t<div class=\"elementor-element elementor-element-10b882be elementor-widget elementor-widget-shortcode\" data-id=\"10b882be\" data-element_type=\"widget\" data-e-type=\"widget\" data-widget_type=\"shortcode.default\">\n\t\t\t\t\t\t\t<div class=\"elementor-shortcode\">\n<div class=\"wpcf7 no-js\" id=\"wpcf7-f19021-o1\" lang=\"ary\" dir=\"rtl\" data-wpcf7-id=\"19021\">\n<div class=\"screen-reader-response\"><p role=\"status\" aria-live=\"polite\" aria-atomic=\"true\"><\/p> <ul><\/ul><\/div>\n<form action=\"\/ar\/wp-json\/wp\/v2\/pages\/18967#wpcf7-f19021-o1\" method=\"post\" class=\"wpcf7-form init\" aria-label=\"\u0646\u0645\u0648\u0630\u062c \u0627\u0644\u0627\u062a\u0635\u0627\u0644\" novalidate=\"novalidate\" data-status=\"init\">\n<fieldset class=\"hidden-fields-container\"><input type=\"hidden\" name=\"_wpcf7\" value=\"19021\" \/><input type=\"hidden\" name=\"_wpcf7_version\" value=\"6.1.5\" \/><input type=\"hidden\" name=\"_wpcf7_locale\" value=\"ary\" \/><input type=\"hidden\" name=\"_wpcf7_unit_tag\" value=\"wpcf7-f19021-o1\" \/><input type=\"hidden\" name=\"_wpcf7_container_post\" value=\"0\" \/><input type=\"hidden\" name=\"_wpcf7_posted_data_hash\" value=\"\" \/>\n<\/fieldset>\n<style>\n.bukhari-form {\n max-width: 600px;\n margin: 50px auto;\n padding: 25px;\n background: #ffffff;\n border: 1px solid #ccc;\n border-radius: 12px;\n box-shadow: 0 4px 12px rgba(0,0,0,0.1);\n font-family: 'Cairo', sans-serif;\n direction: rtl;\n text-align: right;\n}\n.bukhari-form h2 {\n text-align: center;\n margin-bottom: 20px;\n color: #685839;\n}\n.bukhari-form label {\n display: block;\n margin-bottom: 6px;\n font-weight: bold;\n color: #333;\n}\n.bukhari-form input,\n.bukhari-form textarea {\n width: 100%;\n padding: 12px;\n margin-bottom: 15px;\n border: 1px solid #ccc;\n border-radius: 6px;\n font-size: 16px;\n box-sizing: border-box;\n text-align: right;\n}\n.bukhari-form textarea {\n min-height: 120px;\n resize: vertical;\n}\n.bukhari-form input[type=\"submit\"] {\n background: #685839;\n color: #fff;\n padding: 12px;\n border: none;\n border-radius: 6px;\n font-size: 18px;\n cursor: pointer;\n transition: background 0.3s ease;\n width: 100%;\n}\n.bukhari-form input[type=\"submit\"]:hover {\n background: #543d2d;\n}\n<\/style>\n<div class=\"bukhari-form\">\n\t<h2>\u062a\u0648\u0627\u0635\u0644 \u0645\u0639\u0646\u0627\n\t<\/h2>\n\t<p><label>\u0627\u0644\u0627\u0633\u0645 \u0627\u0644\u0643\u0627\u0645\u0644<\/label><br \/>\n<span class=\"wpcf7-form-control-wrap\" data-name=\"your-name\"><input size=\"40\" maxlength=\"400\" class=\"wpcf7-form-control wpcf7-text wpcf7-validates-as-required\" aria-required=\"true\" aria-invalid=\"false\" placeholder=\"\u0627\u0643\u062a\u0628 \u0627\u0633\u0645\u0643 \u0627\u0644\u0643\u0627\u0645\u0644\" value=\"\" type=\"text\" name=\"your-name\" \/><\/span>\n\t<\/p>\n\t<p><label>\u0627\u0644\u0628\u0631\u064a\u062f \u0627\u0644\u0625\u0644\u0643\u062a\u0631\u0648\u0646\u064a<\/label><br \/>\n<span class=\"wpcf7-form-control-wrap\" data-name=\"your-email\"><input size=\"40\" maxlength=\"400\" class=\"wpcf7-form-control wpcf7-email wpcf7-validates-as-required wpcf7-text wpcf7-validates-as-email\" aria-required=\"true\" aria-invalid=\"false\" placeholder=\"\u0627\u0643\u062a\u0628 \u0628\u0631\u064a\u062f\u0643 \u0627\u0644\u0625\u0644\u0643\u062a\u0631\u0648\u0646\u064a\" value=\"\" type=\"email\" name=\"your-email\" \/><\/span>\n\t<\/p>\n\t<p><label>\u0631\u0642\u0645 \u0627\u0644\u0647\u0627\u062a\u0641<\/label><br \/>\n<span class=\"wpcf7-form-control-wrap\" data-name=\"your-phone\"><input size=\"40\" maxlength=\"400\" class=\"wpcf7-form-control wpcf7-tel wpcf7-validates-as-required wpcf7-text wpcf7-validates-as-tel\" aria-required=\"true\" aria-invalid=\"false\" placeholder=\"\u0627\u0643\u062a\u0628 \u0631\u0642\u0645 \u0647\u0627\u062a\u0641\u0643\" value=\"\" type=\"tel\" name=\"your-phone\" \/><\/span>\n\t<\/p>\n\t<p><label>\u0627\u0644\u0631\u0633\u0627\u0644\u0629<\/label><br \/>\n<span class=\"wpcf7-form-control-wrap\" data-name=\"your-message\"><textarea cols=\"40\" rows=\"10\" maxlength=\"2000\" class=\"wpcf7-form-control wpcf7-textarea wpcf7-validates-as-required\" aria-required=\"true\" aria-invalid=\"false\" placeholder=\"\u0627\u0643\u062a\u0628 \u0631\u0633\u0627\u0644\u062a\u0643 \u0647\u0646\u0627\" name=\"your-message\"><\/textarea><\/span>\n\t<\/p>\n\t<p><input class=\"wpcf7-form-control wpcf7-submit has-spinner\" type=\"submit\" value=\"\u0625\u0631\u0633\u0627\u0644\" \/>\n\t<\/p>\n<\/div><div class=\"wpcf7-response-output\" aria-hidden=\"true\"><\/div>\n<\/form>\n<\/div>\n<\/div>\n\t\t\t\t\t\t<\/div>\n\t\t\t\t\t<\/div>\n\t\t<\/div>\n\t\t\t\t\t<\/div>\n\t\t<\/section>\n\t\t<div class=\"elementor-element elementor-element-16f5bcf e-flex e-con-boxed e-con e-parent\" data-id=\"16f5bcf\" data-element_type=\"container\" data-e-type=\"container\">\n\t\t\t\t\t<div class=\"e-con-inner\">\n\t\t<div class=\"elementor-element elementor-element-c3b69c6 e-con-full e-flex e-con e-child\" data-id=\"c3b69c6\" data-element_type=\"container\" data-e-type=\"container\">\n\t\t\t\t<div class=\"elementor-element elementor-element-408219e elementor-widget elementor-widget-html\" data-id=\"408219e\" data-element_type=\"widget\" data-e-type=\"widget\" data-widget_type=\"html.default\">\n\t\t\t\t\t<iframe src=\"https:\/\/www.google.com\/maps\/embed?pb=!1m18!1m12!1m3!1d40234.76647783006!2d39.7654485216797!3d40.9617732!2m3!1f0!2f0!3f0!3m2!1i1024!2i768!4f13.1!3m3!1m2!1s0x40643b0049a874b3%3A0xcc45589d2906acf2!2zS2HFn8O8c3TDvCBtYWhhbGxlc2kgS2HFn8O8c3TDvCBhZG5hbiBrYWh2ZWNpIHNva2FrIGJ1aGFyYSBhcGFydG1hbsSx!5e1!3m2!1sfr!2sma!4v1757593761502!5m2!1sfr!2sma\" width=\"600\" height=\"450\" style=\"border:0;\" allowfullscreen=\"\" loading=\"lazy\" referrerpolicy=\"no-referrer-when-downgrade\"><\/iframe>\t\t\t\t<\/div>\n\t\t\t\t<\/div>\n\t\t<div class=\"elementor-element elementor-element-bfe918d e-con-full e-flex e-con e-child\" data-id=\"bfe918d\" data-element_type=\"container\" data-e-type=\"container\">\n\t\t\t\t<div class=\"elementor-element elementor-element-1e625f21 elementor-widget elementor-widget-html\" data-id=\"1e625f21\" data-element_type=\"widget\" data-e-type=\"widget\" data-widget_type=\"html.default\">\n\t\t\t\t\t<iframe src=\"https:\/\/www.google.com\/maps\/embed?pb=!1m18!1m12!1m3!1d2513.4889261727494!2d28.61834547518292!3d40.99283822037673!2m3!1f0!2f0!3f0!3m2!1i1024!2i768!4f13.1!3m3!1m2!1s0x14b55e33de94d723%3A0x8810456ae939d79b!2zQWRuYW4gS2FodmVjaSwgS8O2cm_En2x1IENkLiBObzoxIEQ6MywgMzQ1MjggQmV5bGlrZMO8esO8L8Swc3RhbmJ1bCwgVMO8cmtpeWU!5e1!3m2!1sfr!2sma!4v1756051595409!5m2!1sfr!2sma\" width=\"600\" height=\"450\" style=\"border:0;\" allowfullscreen=\"\" loading=\"lazy\" referrerpolicy=\"no-referrer-when-downgrade\"><\/iframe>\t\t\t\t<\/div>\n\t\t\t\t<\/div>\n\t\t\t\t\t<\/div>\n\t\t\t\t<\/div>\n\t\t<div class=\"elementor-element elementor-element-6d598ef9 e-flex e-con-boxed e-con e-parent\" data-id=\"6d598ef9\" data-element_type=\"container\" data-e-type=\"container\">\n\t\t\t\t\t<div class=\"e-con-inner\">\n\t\t\t\t\t<\/div>\n\t\t\t\t<\/div>\n\t\t\t\t<\/div>\n\t\t","protected":false},"excerpt":{"rendered":"<p>\u062a\u0648\u0627\u0635\u0644 \u0645\u0639\u0646\u0627 \u0627\u0644\u0639\u0646\u0648\u0627\u0646 Ka\u015f\u00fcst\u00fc Mahallesi, Karayemi\u015f Sokak, No. 16A, Buhara Apart. Yomra, Trabzon \u0627\u0631\u0642\u0627\u0645 \u0627\u0644\u062a\u0648\u0627\u0635\u0644 25 92 971 531 90+ \u0648\u0633\u0627\u0626\u0644 \u0627\u0644\u062a\u0648\u0627\u0635\u0644 Facebook-f Instagram Snapchat Telegram<\/p>\n","protected":false},"author":13,"featured_media":0,"parent":0,"menu_order":0,"comment_status":"closed","ping_status":"closed","template":"elementor_header_footer","meta":{"_rtcl_gb_attr":"","_joinchat":[],"footnotes":""},"class_list":["post-18967","page","type-page","status-publish","hentry"],"_links":{"self":[{"href":"https:\/\/buharaofficial.com\/ar\/wp-json\/wp\/v2\/pages\/18967","targetHints":{"allow":["GET"]}}],"collection":[{"href":"https:\/\/buharaofficial.com\/ar\/wp-json\/wp\/v2\/pages"}],"about":[{"href":"https:\/\/buharaofficial.com\/ar\/wp-json\/wp\/v2\/types\/page"}],"author":[{"embeddable":true,"href":"https:\/\/buharaofficial.com\/ar\/wp-json\/wp\/v2\/users\/13"}],"replies":[{"embeddable":true,"href":"https:\/\/buharaofficial.com\/ar\/wp-json\/wp\/v2\/comments?post=18967"}],"version-history":[{"count":13,"href":"https:\/\/buharaofficial.com\/ar\/wp-json\/wp\/v2\/pages\/18967\/revisions"}],"predecessor-version":[{"id":19380,"href":"https:\/\/buharaofficial.com\/ar\/wp-json\/wp\/v2\/pages\/18967\/revisions\/19380"}],"wp:attachment":[{"href":"https:\/\/buharaofficial.com\/ar\/wp-json\/wp\/v2\/media?parent=18967"}],"curies":[{"name":"wp","href":"https:\/\/api.w.org\/{rel}","templated":true}]}}